{"id":12,"date":"2023-08-02T18:12:52","date_gmt":"2023-08-02T18:12:52","guid":{"rendered":"https:\/\/swisspcc-ks.com\/?page_id=12"},"modified":"2023-08-17T10:52:41","modified_gmt":"2023-08-17T10:52:41","slug":"home","status":"publish","type":"page","link":"https:\/\/swisspcc-ks.com\/de\/","title":{"rendered":"Heim"},"content":{"rendered":"<div data-elementor-type=\"wp-page\" data-elementor-id=\"12\" class=\"elementor elementor-12\" data-elementor-post-type=\"page\">\n\t\t\t\t<div class=\"elementor-element elementor-element-b17bac7 e-con-full e-flex elementor-invisible e-con e-parent\" data-id=\"b17bac7\" data-element_type=\"container\" data-settings=\"{&quot;background_background&quot;:&quot;classic&quot;,&quot;animation&quot;:&quot;fadeInDown&quot;}\">\n\t\t<div class=\"elementor-element elementor-element-8c74fb5 e-con-full e-flex e-con e-child\" data-id=\"8c74fb5\" data-element_type=\"container\">\n\t\t\t\t<div class=\"elementor-element elementor-element-d417bfd elementor-invisible elementor-widget elementor-widget-text-editor\" data-id=\"d417bfd\" data-element_type=\"widget\" data-settings=\"{&quot;_animation&quot;:&quot;rollIn&quot;,&quot;_animation_delay&quot;:1000}\" data-widget_type=\"text-editor.default\">\n\t\t\t\t<div class=\"elementor-widget-container\">\n\t\t\t\t\t\t\t<p>Wir k\u00fcmmern uns<\/p><p><span style=\"background-color: #5600e3; font-weight: 900;\">\u00a0um Ihre Kunden\u00a0<\/span><\/p>\t\t\t\t\t\t<\/div>\n\t\t\t\t<\/div>\n\t\t\t\t<\/div>\n\t\t<div class=\"elementor-element elementor-element-0bad84a e-con-full e-flex e-con e-child\" data-id=\"0bad84a\" data-element_type=\"container\">\n\t\t\t\t<div class=\"elementor-element elementor-element-b3d7d4d elementor-widget__width-inherit elementor-invisible elementor-widget elementor-widget-image\" data-id=\"b3d7d4d\" data-element_type=\"widget\" data-settings=\"{&quot;_animation&quot;:&quot;fadeInLeft&quot;,&quot;_animation_delay&quot;:500}\" data-widget_type=\"image.default\">\n\t\t\t\t<div class=\"elementor-widget-container\">\n\t\t\t\t\t\t\t\t\t\t\t\t\t<img fetchpriority=\"high\" decoding=\"async\" width=\"733\" height=\"911\" src=\"https:\/\/swisspcc-ks.com\/wp-content\/uploads\/2023\/08\/Njeri.png\" class=\"attachment-full size-full wp-image-811\" alt=\"\" srcset=\"https:\/\/swisspcc-ks.com\/wp-content\/uploads\/2023\/08\/Njeri.png 733w, https:\/\/swisspcc-ks.com\/wp-content\/uploads\/2023\/08\/Njeri-241x300.png 241w, https:\/\/swisspcc-ks.com\/wp-content\/uploads\/2023\/08\/Njeri-10x12.png 10w\" sizes=\"(max-width: 733px) 100vw, 733px\" \/>\t\t\t\t\t\t\t\t\t\t\t\t\t<\/div>\n\t\t\t\t<\/div>\n\t\t\t\t<\/div>\n\t\t\t\t<\/div>\n\t\t<div class=\"elementor-element elementor-element-a88c1d5 e-flex e-con-boxed e-con e-parent\" data-id=\"a88c1d5\" data-element_type=\"container\" data-settings=\"{&quot;background_background&quot;:&quot;gradient&quot;}\">\n\t\t\t\t\t<div class=\"e-con-inner\">\n\t\t<div class=\"elementor-element elementor-element-acb0c48 glass e-flex e-con-boxed e-con e-child\" data-id=\"acb0c48\" data-element_type=\"container\">\n\t\t\t\t\t<div class=\"e-con-inner\">\n\t\t\t\t<div class=\"elementor-element elementor-element-5132b8a elementor-widget elementor-widget-text-editor\" data-id=\"5132b8a\" data-element_type=\"widget\" data-widget_type=\"text-editor.default\">\n\t\t\t\t<div class=\"elementor-widget-container\">\n\t\t\t\t\t\t\tUnser professioneller <span style=\"font-size: 35px;\">24-hour<\/span> service\n\n<strong style=\"font-size: 35px; font-weight: bold;\">an 365 Tagen im Jahr macht <\/strong>\n\n<span style=\"font-size:30px;\">uns zum idealen Partner,<\/span>\t\t\t\t\t\t<\/div>\n\t\t\t\t<\/div>\n\t\t\t\t<div class=\"elementor-element elementor-element-d40dc25 elementor-widget elementor-widget-text-editor\" data-id=\"d40dc25\" data-element_type=\"widget\" data-widget_type=\"text-editor.default\">\n\t\t\t\t<div class=\"elementor-widget-container\">\n\t\t\t\t\t\t\t<p>f\u00fcr individuelle Kampagnen oder die komplette Auslagerung s\u00e4mtlicher Telefonaktivit\u00e4ten.<\/p>\t\t\t\t\t\t<\/div>\n\t\t\t\t<\/div>\n\t\t\t\t\t<\/div>\n\t\t\t\t<\/div>\n\t\t<div class=\"elementor-element elementor-element-09d2771 e-flex e-con-boxed e-con e-child\" data-id=\"09d2771\" data-element_type=\"container\">\n\t\t\t\t\t<div class=\"e-con-inner\">\n\t\t\t\t<div class=\"elementor-element elementor-element-6693f37 elementor-widget elementor-widget-image\" data-id=\"6693f37\" data-element_type=\"widget\" data-widget_type=\"image.default\">\n\t\t\t\t<div class=\"elementor-widget-container\">\n\t\t\t\t\t\t\t\t\t\t\t\t\t<img decoding=\"async\" width=\"675\" height=\"524\" src=\"https:\/\/swisspcc-ks.com\/wp-content\/uploads\/2023\/08\/Group-70.png\" class=\"attachment-full size-full wp-image-23\" alt=\"\" srcset=\"https:\/\/swisspcc-ks.com\/wp-content\/uploads\/2023\/08\/Group-70.png 675w, https:\/\/swisspcc-ks.com\/wp-content\/uploads\/2023\/08\/Group-70-300x233.png 300w\" sizes=\"(max-width: 675px) 100vw, 675px\" \/>\t\t\t\t\t\t\t\t\t\t\t\t\t<\/div>\n\t\t\t\t<\/div>\n\t\t\t\t\t<\/div>\n\t\t\t\t<\/div>\n\t\t\t\t\t<\/div>\n\t\t\t\t<\/div>\n\t\t<div class=\"elementor-element elementor-element-6cab7c5 e-flex e-con-boxed e-con e-parent\" data-id=\"6cab7c5\" data-element_type=\"container\" data-settings=\"{&quot;background_background&quot;:&quot;classic&quot;,&quot;shape_divider_bottom&quot;:&quot;waves&quot;}\">\n\t\t\t\t\t<div class=\"e-con-inner\">\n\t\t\t\t<div class=\"elementor-shape elementor-shape-bottom\" data-negative=\"false\">\n\t\t\t<svg xmlns=\"http:\/\/www.w3.org\/2000\/svg\" viewbox=\"0 0 1000 100\" preserveaspectratio=\"none\">\n\t<path class=\"elementor-shape-fill\" d=\"M421.9,6.5c22.6-2.5,51.5,0.4,75.5,5.3c23.6,4.9,70.9,23.5,100.5,35.7c75.8,32.2,133.7,44.5,192.6,49.7\tc23.6,2.1,48.7,3.5,103.4-2.5c54.7-6,106.2-25.6,106.2-25.6V0H0v30.3c0,0,72,32.6,158.4,30.5c39.2-0.7,92.8-6.7,134-22.4\tc21.2-8.1,52.2-18.2,79.7-24.2C399.3,7.9,411.6,7.5,421.9,6.5z\"\/>\n<\/svg>\t\t<\/div>\n\t\t<div class=\"elementor-element elementor-element-05ca8ee e-flex e-con-boxed e-con e-child\" data-id=\"05ca8ee\" data-element_type=\"container\">\n\t\t\t\t\t<div class=\"e-con-inner\">\n\t\t<div class=\"elementor-element elementor-element-d4ec3b7 e-flex e-con-boxed e-con e-child\" data-id=\"d4ec3b7\" data-element_type=\"container\">\n\t\t\t\t\t<div class=\"e-con-inner\">\n\t\t\t\t<div class=\"elementor-element elementor-element-93b0a08 elementor-widget elementor-widget-image\" data-id=\"93b0a08\" data-element_type=\"widget\" data-widget_type=\"image.default\">\n\t\t\t\t<div class=\"elementor-widget-container\">\n\t\t\t\t\t\t\t\t\t\t\t\t\t<img decoding=\"async\" width=\"450\" height=\"318\" src=\"https:\/\/swisspcc-ks.com\/wp-content\/uploads\/2023\/08\/Mask-Group-3-2.png\" class=\"attachment-full size-full wp-image-31\" alt=\"\" srcset=\"https:\/\/swisspcc-ks.com\/wp-content\/uploads\/2023\/08\/Mask-Group-3-2.png 450w, https:\/\/swisspcc-ks.com\/wp-content\/uploads\/2023\/08\/Mask-Group-3-2-300x212.png 300w\" sizes=\"(max-width: 450px) 100vw, 450px\" \/>\t\t\t\t\t\t\t\t\t\t\t\t\t<\/div>\n\t\t\t\t<\/div>\n\t\t<div class=\"elementor-element elementor-element-85b3318 e-flex e-con-boxed e-con e-child\" data-id=\"85b3318\" data-element_type=\"container\" data-settings=\"{&quot;background_background&quot;:&quot;classic&quot;}\">\n\t\t\t\t\t<div class=\"e-con-inner\">\n\t\t\t\t<div class=\"elementor-element elementor-element-371dc04 elementor-widget elementor-widget-spacer\" data-id=\"371dc04\" data-element_type=\"widget\" data-widget_type=\"spacer.default\">\n\t\t\t\t<div class=\"elementor-widget-container\">\n\t\t\t\t\t<div class=\"elementor-spacer\">\n\t\t\t<div class=\"elementor-spacer-inner\"><\/div>\n\t\t<\/div>\n\t\t\t\t<\/div>\n\t\t\t\t<\/div>\n\t\t\t\t<div class=\"elementor-element elementor-element-9fbd645 elementor-widget elementor-widget-heading\" data-id=\"9fbd645\" data-element_type=\"widget\" data-widget_type=\"heading.default\">\n\t\t\t\t<div class=\"elementor-widget-container\">\n\t\t\t<h2 class=\"elementor-heading-title elementor-size-default\">Inbound<\/h2>\t\t<\/div>\n\t\t\t\t<\/div>\n\t\t\t\t<div class=\"elementor-element elementor-element-79d011a elementor-widget elementor-widget-text-editor\" data-id=\"79d011a\" data-element_type=\"widget\" data-widget_type=\"text-editor.default\">\n\t\t\t\t<div class=\"elementor-widget-container\">\n\t\t\t\t\t\t\t<p>Sie k\u00f6nnen uns jederzeit erreichen. Gesch\u00e4ft zu Gesch\u00e4ft (B2B) und Gesch\u00e4ft zu Privat (B2C).<\/p><p>Egal ob Hotline, First-Level-Support oder Ihr externes Sekretariat. Alle Anrufe werden unter Ihrem Firmennamen entgegengenommen.\nSekretariat \/ Externe Telefonzentrale.<\/p>\t\t\t\t\t\t<\/div>\n\t\t\t\t<\/div>\n\t\t\t\t<div class=\"elementor-element elementor-element-17601de elementor-align-right elementor-widget elementor-widget-button\" data-id=\"17601de\" data-element_type=\"widget\" data-widget_type=\"button.default\">\n\t\t\t\t<div class=\"elementor-widget-container\">\n\t\t\t\t\t\t\t<div class=\"elementor-button-wrapper\">\n\t\t\t\t\t<a class=\"elementor-button elementor-button-link elementor-size-sm\" href=\"http:\/\/swisspcc-ks.com\/de\/services\/\">\n\t\t\t\t\t\t<span class=\"elementor-button-content-wrapper\">\n\t\t\t\t\t\t\t\t\t<span class=\"elementor-button-text\">more...<\/span>\n\t\t\t\t\t<\/span>\n\t\t\t\t\t<\/a>\n\t\t\t\t<\/div>\n\t\t\t\t\t\t<\/div>\n\t\t\t\t<\/div>\n\t\t\t\t\t<\/div>\n\t\t\t\t<\/div>\n\t\t\t\t\t<\/div>\n\t\t\t\t<\/div>\n\t\t<div class=\"elementor-element elementor-element-e662451 e-flex e-con-boxed e-con e-child\" data-id=\"e662451\" data-element_type=\"container\">\n\t\t\t\t\t<div class=\"e-con-inner\">\n\t\t\t\t<div class=\"elementor-element elementor-element-7c145f1 elementor-widget elementor-widget-image\" data-id=\"7c145f1\" data-element_type=\"widget\" data-widget_type=\"image.default\">\n\t\t\t\t<div class=\"elementor-widget-container\">\n\t\t\t\t\t\t\t\t\t\t\t\t\t<img loading=\"lazy\" decoding=\"async\" width=\"450\" height=\"318\" src=\"https:\/\/swisspcc-ks.com\/wp-content\/uploads\/2023\/08\/Mask-Group-4.png\" class=\"attachment-large size-large wp-image-32\" alt=\"\" srcset=\"https:\/\/swisspcc-ks.com\/wp-content\/uploads\/2023\/08\/Mask-Group-4.png 450w, https:\/\/swisspcc-ks.com\/wp-content\/uploads\/2023\/08\/Mask-Group-4-300x212.png 300w\" sizes=\"(max-width: 450px) 100vw, 450px\" \/>\t\t\t\t\t\t\t\t\t\t\t\t\t<\/div>\n\t\t\t\t<\/div>\n\t\t<div class=\"elementor-element elementor-element-a617967 e-flex e-con-boxed e-con e-child\" data-id=\"a617967\" data-element_type=\"container\" data-settings=\"{&quot;background_background&quot;:&quot;classic&quot;}\">\n\t\t\t\t\t<div class=\"e-con-inner\">\n\t\t\t\t<div class=\"elementor-element elementor-element-ccfbba2 elementor-widget elementor-widget-spacer\" data-id=\"ccfbba2\" data-element_type=\"widget\" data-widget_type=\"spacer.default\">\n\t\t\t\t<div class=\"elementor-widget-container\">\n\t\t\t\t\t<div class=\"elementor-spacer\">\n\t\t\t<div class=\"elementor-spacer-inner\"><\/div>\n\t\t<\/div>\n\t\t\t\t<\/div>\n\t\t\t\t<\/div>\n\t\t\t\t<div class=\"elementor-element elementor-element-d81e356 elementor-widget elementor-widget-heading\" data-id=\"d81e356\" data-element_type=\"widget\" data-widget_type=\"heading.default\">\n\t\t\t\t<div class=\"elementor-widget-container\">\n\t\t\t<h2 class=\"elementor-heading-title elementor-size-default\">Ausgehende Anrufe<\/h2>\t\t<\/div>\n\t\t\t\t<\/div>\n\t\t\t\t<div class=\"elementor-element elementor-element-57a8328 elementor-widget elementor-widget-text-editor\" data-id=\"57a8328\" data-element_type=\"widget\" data-widget_type=\"text-editor.default\">\n\t\t\t\t<div class=\"elementor-widget-container\">\n\t\t\t\t\t\t\t<p>Mit uns erreichen Sie immer Ihre Kunden. \nDirektverkauf von Produkten.<\/p><p>Wir haben uns auf Dienstleistungen im Zusammenhang mit ausgehenden Telemarketing-Projekten spezialisiert. In aktivem telefonischen Kontakt erreichen wir gleichzeitig Ihre Adressen.\nTermine \/ Koordination des Au\u00dfendienstes.<\/p>\t\t\t\t\t\t<\/div>\n\t\t\t\t<\/div>\n\t\t\t\t<div class=\"elementor-element elementor-element-f87716e elementor-align-right elementor-widget elementor-widget-button\" data-id=\"f87716e\" data-element_type=\"widget\" data-widget_type=\"button.default\">\n\t\t\t\t<div class=\"elementor-widget-container\">\n\t\t\t\t\t\t\t<div class=\"elementor-button-wrapper\">\n\t\t\t\t\t<a class=\"elementor-button elementor-button-link elementor-size-sm\" href=\"http:\/\/swisspcc-ks.com\/de\/services\/\">\n\t\t\t\t\t\t<span class=\"elementor-button-content-wrapper\">\n\t\t\t\t\t\t\t\t\t<span class=\"elementor-button-text\">more...<\/span>\n\t\t\t\t\t<\/span>\n\t\t\t\t\t<\/a>\n\t\t\t\t<\/div>\n\t\t\t\t\t\t<\/div>\n\t\t\t\t<\/div>\n\t\t\t\t\t<\/div>\n\t\t\t\t<\/div>\n\t\t\t\t\t<\/div>\n\t\t\t\t<\/div>\n\t\t<div class=\"elementor-element elementor-element-aefc1e0 e-flex e-con-boxed e-con e-child\" data-id=\"aefc1e0\" data-element_type=\"container\">\n\t\t\t\t\t<div class=\"e-con-inner\">\n\t\t\t\t<div class=\"elementor-element elementor-element-b66a7bc elementor-widget elementor-widget-image\" data-id=\"b66a7bc\" data-element_type=\"widget\" data-widget_type=\"image.default\">\n\t\t\t\t<div class=\"elementor-widget-container\">\n\t\t\t\t\t\t\t\t\t\t\t\t\t<img loading=\"lazy\" decoding=\"async\" width=\"450\" height=\"318\" src=\"https:\/\/swisspcc-ks.com\/wp-content\/uploads\/2023\/08\/Mask-Group-1.png\" class=\"attachment-large size-large wp-image-33\" alt=\"\" srcset=\"https:\/\/swisspcc-ks.com\/wp-content\/uploads\/2023\/08\/Mask-Group-1.png 450w, https:\/\/swisspcc-ks.com\/wp-content\/uploads\/2023\/08\/Mask-Group-1-300x212.png 300w\" sizes=\"(max-width: 450px) 100vw, 450px\" \/>\t\t\t\t\t\t\t\t\t\t\t\t\t<\/div>\n\t\t\t\t<\/div>\n\t\t<div class=\"elementor-element elementor-element-2f323a6 e-flex e-con-boxed e-con e-child\" data-id=\"2f323a6\" data-element_type=\"container\" data-settings=\"{&quot;background_background&quot;:&quot;classic&quot;}\">\n\t\t\t\t\t<div class=\"e-con-inner\">\n\t\t\t\t<div class=\"elementor-element elementor-element-572a439 elementor-widget elementor-widget-spacer\" data-id=\"572a439\" data-element_type=\"widget\" data-widget_type=\"spacer.default\">\n\t\t\t\t<div class=\"elementor-widget-container\">\n\t\t\t\t\t<div class=\"elementor-spacer\">\n\t\t\t<div class=\"elementor-spacer-inner\"><\/div>\n\t\t<\/div>\n\t\t\t\t<\/div>\n\t\t\t\t<\/div>\n\t\t\t\t<div class=\"elementor-element elementor-element-539cea5 elementor-widget elementor-widget-heading\" data-id=\"539cea5\" data-element_type=\"widget\" data-widget_type=\"heading.default\">\n\t\t\t\t<div class=\"elementor-widget-container\">\n\t\t\t<h2 class=\"elementor-heading-title elementor-size-default\">Online-Dienste<\/h2>\t\t<\/div>\n\t\t\t\t<\/div>\n\t\t\t\t<div class=\"elementor-element elementor-element-7c7a36f elementor-widget elementor-widget-text-editor\" data-id=\"7c7a36f\" data-element_type=\"widget\" data-widget_type=\"text-editor.default\">\n\t\t\t\t<div class=\"elementor-widget-container\">\n\t\t\t\t\t\t\t<p>Bleiben Sie \u00fcber die digitalen Kan\u00e4le verbunden. \nOnline-Dienste.<\/p><p>M\u00f6chten Sie Ihren Kunden mehr M\u00f6glichkeiten bieten, mit Ihnen in Kontakt zu treten? Sei es \u00fcber Facebook, via Chat auf Ihrer Website oder einem anderen Online-Kanal. Certus kann Ihnen hier eine L\u00f6sung bieten, selbst wenn Sie einen 24\/7-Service an 365 Tagen im Jahr ben\u00f6tigen.<\/p>\t\t\t\t\t\t<\/div>\n\t\t\t\t<\/div>\n\t\t\t\t<div class=\"elementor-element elementor-element-dca6ede elementor-align-right elementor-widget elementor-widget-button\" data-id=\"dca6ede\" data-element_type=\"widget\" data-widget_type=\"button.default\">\n\t\t\t\t<div class=\"elementor-widget-container\">\n\t\t\t\t\t\t\t<div class=\"elementor-button-wrapper\">\n\t\t\t\t\t<a class=\"elementor-button elementor-button-link elementor-size-sm\" href=\"http:\/\/swisspcc-ks.com\/de\/services\/\">\n\t\t\t\t\t\t<span class=\"elementor-button-content-wrapper\">\n\t\t\t\t\t\t\t\t\t<span class=\"elementor-button-text\">more...<\/span>\n\t\t\t\t\t<\/span>\n\t\t\t\t\t<\/a>\n\t\t\t\t<\/div>\n\t\t\t\t\t\t<\/div>\n\t\t\t\t<\/div>\n\t\t\t\t\t<\/div>\n\t\t\t\t<\/div>\n\t\t\t\t\t<\/div>\n\t\t\t\t<\/div>\n\t\t\t\t\t<\/div>\n\t\t\t\t<\/div>\n\t\t\t\t<div class=\"elementor-element elementor-element-fbf5feb elementor-absolute elementor-widget elementor-widget-image\" data-id=\"fbf5feb\" data-element_type=\"widget\" data-settings=\"{&quot;_position&quot;:&quot;absolute&quot;}\" data-widget_type=\"image.default\">\n\t\t\t\t<div class=\"elementor-widget-container\">\n\t\t\t\t\t\t\t\t\t\t\t\t\t<img loading=\"lazy\" decoding=\"async\" width=\"671\" height=\"758\" src=\"https:\/\/swisspcc-ks.com\/wp-content\/uploads\/2023\/08\/Group-68.png\" class=\"attachment-full size-full wp-image-34\" alt=\"\" srcset=\"https:\/\/swisspcc-ks.com\/wp-content\/uploads\/2023\/08\/Group-68.png 671w, https:\/\/swisspcc-ks.com\/wp-content\/uploads\/2023\/08\/Group-68-266x300.png 266w\" sizes=\"(max-width: 671px) 100vw, 671px\" \/>\t\t\t\t\t\t\t\t\t\t\t\t\t<\/div>\n\t\t\t\t<\/div>\n\t\t<div class=\"elementor-element elementor-element-f030dda e-flex e-con-boxed e-con e-child\" data-id=\"f030dda\" data-element_type=\"container\">\n\t\t\t\t\t<div class=\"e-con-inner\">\n\t\t<div class=\"elementor-element elementor-element-3bcb246 e-con-full e-flex e-con e-child\" data-id=\"3bcb246\" data-element_type=\"container\">\n\t\t\t\t<div class=\"elementor-element elementor-element-c85be80 elementor-widget elementor-widget-heading\" data-id=\"c85be80\" data-element_type=\"widget\" data-widget_type=\"heading.default\">\n\t\t\t\t<div class=\"elementor-widget-container\">\n\t\t\t<h2 class=\"elementor-heading-title elementor-size-default\">Jobs und Karriere<\/h2>\t\t<\/div>\n\t\t\t\t<\/div>\n\t\t\t\t<div class=\"elementor-element elementor-element-4959e1c elementor-widget__width-initial elementor-widget elementor-widget-heading\" data-id=\"4959e1c\" data-element_type=\"widget\" data-widget_type=\"heading.default\">\n\t\t\t\t<div class=\"elementor-widget-container\">\n\t\t\t<h2 class=\"elementor-heading-title elementor-size-default\">KUNDENZUFRIEDENHEIT BEGINNT MIT ZUFRIEDENEN MITARBEITERN<\/h2>\t\t<\/div>\n\t\t\t\t<\/div>\n\t\t\t\t<div class=\"elementor-element elementor-element-b0a4850 elementor-widget elementor-widget-button\" data-id=\"b0a4850\" data-element_type=\"widget\" data-widget_type=\"button.default\">\n\t\t\t\t<div class=\"elementor-widget-container\">\n\t\t\t\t\t\t\t<div class=\"elementor-button-wrapper\">\n\t\t\t\t\t<a class=\"elementor-button elementor-button-link elementor-size-sm\" href=\"http:\/\/swisspcc-ks.com\/de\/jobs-and-careers\/\">\n\t\t\t\t\t\t<span class=\"elementor-button-content-wrapper\">\n\t\t\t\t\t\t\t\t\t<span class=\"elementor-button-text\">Jobs und Karriere<\/span>\n\t\t\t\t\t<\/span>\n\t\t\t\t\t<\/a>\n\t\t\t\t<\/div>\n\t\t\t\t\t\t<\/div>\n\t\t\t\t<\/div>\n\t\t\t\t<div class=\"elementor-element elementor-element-149d145 elementor-widget elementor-widget-spacer\" data-id=\"149d145\" data-element_type=\"widget\" data-widget_type=\"spacer.default\">\n\t\t\t\t<div class=\"elementor-widget-container\">\n\t\t\t\t\t<div class=\"elementor-spacer\">\n\t\t\t<div class=\"elementor-spacer-inner\"><\/div>\n\t\t<\/div>\n\t\t\t\t<\/div>\n\t\t\t\t<\/div>\n\t\t\t\t<\/div>\n\t\t\t\t<div class=\"elementor-element elementor-element-77ec400 elementor-widget elementor-widget-image\" data-id=\"77ec400\" data-element_type=\"widget\" data-widget_type=\"image.default\">\n\t\t\t\t<div class=\"elementor-widget-container\">\n\t\t\t\t\t\t\t\t\t\t\t\t\t<img loading=\"lazy\" decoding=\"async\" width=\"853\" height=\"749\" src=\"https:\/\/swisspcc-ks.com\/wp-content\/uploads\/2023\/08\/jobs.png\" class=\"attachment-full size-full wp-image-35\" alt=\"\" srcset=\"https:\/\/swisspcc-ks.com\/wp-content\/uploads\/2023\/08\/jobs.png 853w, https:\/\/swisspcc-ks.com\/wp-content\/uploads\/2023\/08\/jobs-300x263.png 300w, https:\/\/swisspcc-ks.com\/wp-content\/uploads\/2023\/08\/jobs-768x674.png 768w\" sizes=\"(max-width: 853px) 100vw, 853px\" \/>\t\t\t\t\t\t\t\t\t\t\t\t\t<\/div>\n\t\t\t\t<\/div>\n\t\t\t\t\t<\/div>\n\t\t\t\t<\/div>\n\t\t\t\t\t<\/div>\n\t\t\t\t<\/div>\n\t\t<div class=\"elementor-element elementor-element-cfc13b2 e-flex e-con-boxed e-con e-parent\" data-id=\"cfc13b2\" data-element_type=\"container\" data-settings=\"{&quot;background_background&quot;:&quot;classic&quot;}\">\n\t\t\t\t\t<div class=\"e-con-inner\">\n\t\t\t\t<div class=\"elementor-element elementor-element-a769f22 elementor-widget__width-initial elementor-widget-mobile__width-initial elementor-widget elementor-widget-heading\" data-id=\"a769f22\" data-element_type=\"widget\" data-widget_type=\"heading.default\">\n\t\t\t\t<div class=\"elementor-widget-container\">\n\t\t\t<h2 class=\"elementor-heading-title elementor-size-default\">Partner<\/h2>\t\t<\/div>\n\t\t\t\t<\/div>\n\t\t<div class=\"elementor-element elementor-element-172a2ef e-flex e-con-boxed e-con e-child\" data-id=\"172a2ef\" data-element_type=\"container\" data-settings=\"{&quot;background_background&quot;:&quot;classic&quot;}\">\n\t\t\t\t\t<div class=\"e-con-inner\">\n\t\t\t\t<div class=\"elementor-element elementor-element-30da110 elementor-widget elementor-widget-image\" data-id=\"30da110\" data-element_type=\"widget\" data-widget_type=\"image.default\">\n\t\t\t\t<div class=\"elementor-widget-container\">\n\t\t\t\t\t\t\t\t\t\t\t\t\t<img loading=\"lazy\" decoding=\"async\" width=\"203\" height=\"43\" src=\"https:\/\/swisspcc-ks.com\/wp-content\/uploads\/2023\/08\/Vector-Smart-Object-2.png\" class=\"attachment-full size-full wp-image-405\" alt=\"\" srcset=\"https:\/\/swisspcc-ks.com\/wp-content\/uploads\/2023\/08\/Vector-Smart-Object-2.png 203w, https:\/\/swisspcc-ks.com\/wp-content\/uploads\/2023\/08\/Vector-Smart-Object-2-18x4.png 18w\" sizes=\"(max-width: 203px) 100vw, 203px\" \/>\t\t\t\t\t\t\t\t\t\t\t\t\t<\/div>\n\t\t\t\t<\/div>\n\t\t\t\t<div class=\"elementor-element elementor-element-496eaad elementor-widget elementor-widget-image\" data-id=\"496eaad\" data-element_type=\"widget\" data-widget_type=\"image.default\">\n\t\t\t\t<div class=\"elementor-widget-container\">\n\t\t\t\t\t\t\t\t\t\t\t\t\t<img loading=\"lazy\" decoding=\"async\" width=\"156\" height=\"56\" src=\"https:\/\/swisspcc-ks.com\/wp-content\/uploads\/2023\/08\/Vector-Smart-Object-1.png\" class=\"attachment-full size-full wp-image-406\" alt=\"\" srcset=\"https:\/\/swisspcc-ks.com\/wp-content\/uploads\/2023\/08\/Vector-Smart-Object-1.png 156w, https:\/\/swisspcc-ks.com\/wp-content\/uploads\/2023\/08\/Vector-Smart-Object-1-18x6.png 18w\" sizes=\"(max-width: 156px) 100vw, 156px\" \/>\t\t\t\t\t\t\t\t\t\t\t\t\t<\/div>\n\t\t\t\t<\/div>\n\t\t\t\t<div class=\"elementor-element elementor-element-481b046 elementor-widget elementor-widget-image\" data-id=\"481b046\" data-element_type=\"widget\" data-widget_type=\"image.default\">\n\t\t\t\t<div class=\"elementor-widget-container\">\n\t\t\t\t\t\t\t\t\t\t\t\t\t<img loading=\"lazy\" decoding=\"async\" width=\"129\" height=\"25\" src=\"https:\/\/swisspcc-ks.com\/wp-content\/uploads\/2023\/08\/Harcu-Architektur-e1707222658607.png\" class=\"attachment-full size-full wp-image-407\" alt=\"\" srcset=\"https:\/\/swisspcc-ks.com\/wp-content\/uploads\/2023\/08\/Harcu-Architektur-e1707222658607.png 129w, https:\/\/swisspcc-ks.com\/wp-content\/uploads\/2023\/08\/Harcu-Architektur-e1707222658607-18x3.png 18w\" sizes=\"(max-width: 129px) 100vw, 129px\" \/>\t\t\t\t\t\t\t\t\t\t\t\t\t<\/div>\n\t\t\t\t<\/div>\n\t\t\t\t<div class=\"elementor-element elementor-element-4a508e9 elementor-widget elementor-widget-image\" data-id=\"4a508e9\" data-element_type=\"widget\" data-widget_type=\"image.default\">\n\t\t\t\t<div class=\"elementor-widget-container\">\n\t\t\t\t\t\t\t\t\t\t\t\t\t<img loading=\"lazy\" decoding=\"async\" width=\"222\" height=\"25\" src=\"https:\/\/swisspcc-ks.com\/wp-content\/uploads\/2023\/08\/Vector-Smart-Object.png\" class=\"attachment-full size-full wp-image-408\" alt=\"\" srcset=\"https:\/\/swisspcc-ks.com\/wp-content\/uploads\/2023\/08\/Vector-Smart-Object.png 222w, https:\/\/swisspcc-ks.com\/wp-content\/uploads\/2023\/08\/Vector-Smart-Object-18x2.png 18w\" sizes=\"(max-width: 222px) 100vw, 222px\" \/>\t\t\t\t\t\t\t\t\t\t\t\t\t<\/div>\n\t\t\t\t<\/div>\n\t\t\t\t<div class=\"elementor-element elementor-element-b945897 elementor-widget elementor-widget-image\" data-id=\"b945897\" data-element_type=\"widget\" data-widget_type=\"image.default\">\n\t\t\t\t<div class=\"elementor-widget-container\">\n\t\t\t\t\t\t\t\t\t\t\t\t\t<img loading=\"lazy\" decoding=\"async\" width=\"170\" height=\"45\" src=\"https:\/\/swisspcc-ks.com\/wp-content\/uploads\/2023\/08\/Certus.png\" class=\"attachment-full size-full wp-image-409\" alt=\"\" srcset=\"https:\/\/swisspcc-ks.com\/wp-content\/uploads\/2023\/08\/Certus.png 170w, https:\/\/swisspcc-ks.com\/wp-content\/uploads\/2023\/08\/Certus-18x5.png 18w\" sizes=\"(max-width: 170px) 100vw, 170px\" \/>\t\t\t\t\t\t\t\t\t\t\t\t\t<\/div>\n\t\t\t\t<\/div>\n\t\t\t\t\t<\/div>\n\t\t\t\t<\/div>\n\t\t\t\t\t<\/div>\n\t\t\t\t<\/div>\n\t\t\t\t<\/div>","protected":false},"excerpt":{"rendered":"<p>We take care \u00a0of your customers\u00a0 Our professional 24-hour service 365 days a year makes us the ideal partner, for individual campaigns or for the complete outsourcing of all telephone activities. Inbound You can always be reached with us Business to Business (B2B) and Business to Private (B2C) Whether hotline, first-level support or your external [&hellip;]<\/p>","protected":false},"author":1,"featured_media":0,"parent":0,"menu_order":0,"comment_status":"closed","ping_status":"closed","template":"elementor_header_footer","meta":{"footnotes":""},"class_list":["post-12","page","type-page","status-publish","hentry"],"_links":{"self":[{"href":"https:\/\/swisspcc-ks.com\/de\/wp-json\/wp\/v2\/pages\/12","targetHints":{"allow":["GET"]}}],"collection":[{"href":"https:\/\/swisspcc-ks.com\/de\/wp-json\/wp\/v2\/pages"}],"about":[{"href":"https:\/\/swisspcc-ks.com\/de\/wp-json\/wp\/v2\/types\/page"}],"author":[{"embeddable":true,"href":"https:\/\/swisspcc-ks.com\/de\/wp-json\/wp\/v2\/users\/1"}],"replies":[{"embeddable":true,"href":"https:\/\/swisspcc-ks.com\/de\/wp-json\/wp\/v2\/comments?post=12"}],"version-history":[{"count":5,"href":"https:\/\/swisspcc-ks.com\/de\/wp-json\/wp\/v2\/pages\/12\/revisions"}],"predecessor-version":[{"id":929,"href":"https:\/\/swisspcc-ks.com\/de\/wp-json\/wp\/v2\/pages\/12\/revisions\/929"}],"wp:attachment":[{"href":"https:\/\/swisspcc-ks.com\/de\/wp-json\/wp\/v2\/media?parent=12"}],"curies":[{"name":"wp","href":"https:\/\/api.w.org\/{rel}","templated":true}]}}