{"id":75,"date":"2023-08-02T18:32:17","date_gmt":"2023-08-02T18:32:17","guid":{"rendered":"https:\/\/swisspcc-ks.com\/?page_id=75"},"modified":"2023-08-17T10:06:41","modified_gmt":"2023-08-17T10:06:41","slug":"services","status":"publish","type":"page","link":"https:\/\/swisspcc-ks.com\/de\/services\/","title":{"rendered":"Dienste"},"content":{"rendered":"<div data-elementor-type=\"wp-page\" data-elementor-id=\"75\" class=\"elementor elementor-75\" data-elementor-post-type=\"page\">\n\t\t\t\t<div class=\"elementor-element elementor-element-8956c17 e-flex e-con-boxed e-con e-parent\" data-id=\"8956c17\" data-element_type=\"container\" data-settings=\"{&quot;background_background&quot;:&quot;classic&quot;}\">\n\t\t\t\t\t<div class=\"e-con-inner\">\n\t\t<div class=\"elementor-element elementor-element-b4026a1 e-flex e-con-boxed e-con e-child\" data-id=\"b4026a1\" data-element_type=\"container\" data-settings=\"{&quot;background_background&quot;:&quot;classic&quot;}\">\n\t\t\t\t\t<div class=\"e-con-inner\">\n\t\t<div class=\"elementor-element elementor-element-f960cd8 e-flex e-con-boxed e-con e-child\" data-id=\"f960cd8\" data-element_type=\"container\">\n\t\t\t\t\t<div class=\"e-con-inner\">\n\t\t\t\t<div class=\"elementor-element elementor-element-dfb5672 elementor-widget__width-initial elementor-widget-mobile__width-initial elementor-widget elementor-widget-heading\" data-id=\"dfb5672\" data-element_type=\"widget\" data-widget_type=\"heading.default\">\n\t\t\t\t<div class=\"elementor-widget-container\">\n\t\t\t<h2 class=\"elementor-heading-title elementor-size-default\">Inbound<\/h2>\t\t<\/div>\n\t\t\t\t<\/div>\n\t\t\t\t\t<\/div>\n\t\t\t\t<\/div>\n\t\t<div class=\"elementor-element elementor-element-9e79f77 e-flex e-con-boxed e-con e-child\" data-id=\"9e79f77\" data-element_type=\"container\">\n\t\t\t\t\t<div class=\"e-con-inner\">\n\t\t<div class=\"elementor-element elementor-element-83f4038 e-con-full e-flex e-con e-child\" data-id=\"83f4038\" data-element_type=\"container\">\n\t\t\t\t<div class=\"elementor-element elementor-element-8117433 elementor-widget elementor-widget-heading\" data-id=\"8117433\" data-element_type=\"widget\" data-widget_type=\"heading.default\">\n\t\t\t\t<div class=\"elementor-widget-container\">\n\t\t\t<h2 class=\"elementor-heading-title elementor-size-default\">Bei uns sind Sie immer erreichbar<\/h2>\t\t<\/div>\n\t\t\t\t<\/div>\n\t\t\t\t<div class=\"elementor-element elementor-element-4ea8989 elementor-widget elementor-widget-text-editor\" data-id=\"4ea8989\" data-element_type=\"widget\" data-widget_type=\"text-editor.default\">\n\t\t\t\t<div class=\"elementor-widget-container\">\n\t\t\t\t\t\t\t<p><strong>Business to Business (B2B) und Business to Private (B2C)<\/strong><\/p><p>Egal ob Hotline, First-Level-Support oder Ihr externes Sekretariat. Alle Anrufe werden unter Ihrem Firmennamen entgegengenommen.\nSekretariat \/ Externe Telefonzentrale.<\/p><p><strong>Sekretariat \/ Externe Telefonzentrale<\/strong><\/p><p>Wir beantworten die Anrufe gem\u00e4\u00df Ihren Anforderungen und leiten eingehende Nachrichten, Bestellungen und Terminanfragen sofort an die verantwortlichen Personen in Ihrem Unternehmen weiter oder erfassen sie in Ihrem internen Kundenbeziehungsmanagement, kurz \"CRM\". Auch bei kurzfristiger Abwesenheit k\u00f6nnen Sie Ihre Telefonzentrale jederzeit per Knopfdruck an uns weiterleiten.<\/p>\t\t\t\t\t\t<\/div>\n\t\t\t\t<\/div>\n\t\t\t\t<\/div>\n\t\t<div class=\"elementor-element elementor-element-e512945 e-con-full e-flex e-con e-child\" data-id=\"e512945\" data-element_type=\"container\">\n\t\t\t\t<div class=\"elementor-element elementor-element-e8da708 elementor-widget elementor-widget-image\" data-id=\"e8da708\" data-element_type=\"widget\" data-widget_type=\"image.default\">\n\t\t\t\t<div class=\"elementor-widget-container\">\n\t\t\t\t\t\t\t\t\t\t\t\t\t<img fetchpriority=\"high\" decoding=\"async\" width=\"475\" height=\"397\" src=\"https:\/\/swisspcc-ks.com\/wp-content\/uploads\/2023\/08\/Sherbimet_-e1691001938906.png\" class=\"attachment-full size-full wp-image-92\" alt=\"\" srcset=\"https:\/\/swisspcc-ks.com\/wp-content\/uploads\/2023\/08\/Sherbimet_-e1691001938906.png 475w, https:\/\/swisspcc-ks.com\/wp-content\/uploads\/2023\/08\/Sherbimet_-e1691001938906-300x251.png 300w\" sizes=\"(max-width: 475px) 100vw, 475px\" \/>\t\t\t\t\t\t\t\t\t\t\t\t\t<\/div>\n\t\t\t\t<\/div>\n\t\t\t\t<\/div>\n\t\t\t\t\t<\/div>\n\t\t\t\t<\/div>\n\t\t\t\t\t<\/div>\n\t\t\t\t<\/div>\n\t\t<div class=\"elementor-element elementor-element-730daef e-flex e-con-boxed e-con e-child\" data-id=\"730daef\" data-element_type=\"container\" data-settings=\"{&quot;background_background&quot;:&quot;classic&quot;}\">\n\t\t\t\t\t<div class=\"e-con-inner\">\n\t\t<div class=\"elementor-element elementor-element-95baa01 e-flex e-con-boxed e-con e-child\" data-id=\"95baa01\" data-element_type=\"container\">\n\t\t\t\t\t<div class=\"e-con-inner\">\n\t\t\t\t<div class=\"elementor-element elementor-element-6fcca62 elementor-widget__width-initial elementor-widget-mobile__width-initial elementor-widget elementor-widget-heading\" data-id=\"6fcca62\" data-element_type=\"widget\" data-widget_type=\"heading.default\">\n\t\t\t\t<div class=\"elementor-widget-container\">\n\t\t\t<h2 class=\"elementor-heading-title elementor-size-default\">Ausgehende Anrufe<\/h2>\t\t<\/div>\n\t\t\t\t<\/div>\n\t\t\t\t\t<\/div>\n\t\t\t\t<\/div>\n\t\t<div class=\"elementor-element elementor-element-a8e4dea e-flex e-con-boxed e-con e-child\" data-id=\"a8e4dea\" data-element_type=\"container\">\n\t\t\t\t\t<div class=\"e-con-inner\">\n\t\t<div class=\"elementor-element elementor-element-2f50cbd e-con-full e-flex e-con e-child\" data-id=\"2f50cbd\" data-element_type=\"container\">\n\t\t\t\t<div class=\"elementor-element elementor-element-43b4938 elementor-widget elementor-widget-heading\" data-id=\"43b4938\" data-element_type=\"widget\" data-widget_type=\"heading.default\">\n\t\t\t\t<div class=\"elementor-widget-container\">\n\t\t\t<h2 class=\"elementor-heading-title elementor-size-default\">Mit uns erreichen wir immer Ihre Kunden<\/h2>\t\t<\/div>\n\t\t\t\t<\/div>\n\t\t\t\t<div class=\"elementor-element elementor-element-76ad303 elementor-widget elementor-widget-text-editor\" data-id=\"76ad303\" data-element_type=\"widget\" data-widget_type=\"text-editor.default\">\n\t\t\t\t<div class=\"elementor-widget-container\">\n\t\t\t\t\t\t\t<p><strong>Direktverkauf von Produkten<\/strong><\/p><p><span style=\"color: var( --e-global-color-text ); letter-spacing: 0px; text-align: var(--text-align);\">Wir haben uns auf Dienstleistungen im Zusammenhang mit ausgehenden Telemarketing-Projekten spezialisiert. In aktivem\u00a0<\/span><span style=\"color: var( --e-global-color-text ); letter-spacing: 0px; text-align: var(--text-align);\">telefonischen Kontakt erreichen wir gleichzeitig Ihre Adressen.<\/span><\/p><p><strong>Termine \/ Koordination des Au\u00dfendienstes<\/strong><\/p><p>Ob im privaten oder gesch\u00e4ftlichen Sektor \u2013 wir unterst\u00fctzen Ihre Verkaufsorganisation mit Marktentwicklungskampagnen. Von der Verfeinerung Ihrer Adressen bis zur pr\u00e4zisen Bestimmung Ihrer Anforderungen sowie der Vereinbarung von Terminen f\u00fcr Ihren Au\u00dfendienst \u00fcbernehmen wir den systematischen Telefonkontakt \u2013 damit der Wert Ihrer Kunden nachhaltig gesteigert wird.\u00a0<\/p><p><strong style=\"color: var( --e-global-color-text ); letter-spacing: 0px; text-align: var(--text-align);\">Kundenbefragungen \/ Zufriedenheitsanalysen<\/strong><\/p><p>R\u00fcckgewinnungsaktionen, Umfragen und Zufriedenheitsanalysen positionieren Ihre Gesch\u00e4ftst\u00e4tigkeiten und steigern die Kundenzufriedenheit. Unsere St\u00e4rke liegt darin, verlorene oder unzufriedene Kunden f\u00fcr Ihr Unternehmen zur\u00fcckzugewinnen und sie von Ihren Produkten und Dienstleistungen zu \u00fcberzeugen. Wir gewinnen Ihre Kunden sogar im Falle einer Vertragsbeendigung zur\u00fcck.<\/p>\t\t\t\t\t\t<\/div>\n\t\t\t\t<\/div>\n\t\t\t\t<\/div>\n\t\t<div class=\"elementor-element elementor-element-8a758f7 e-con-full e-flex e-con e-child\" data-id=\"8a758f7\" data-element_type=\"container\">\n\t\t\t\t<div class=\"elementor-element elementor-element-3649599 elementor-widget elementor-widget-image\" data-id=\"3649599\" data-element_type=\"widget\" data-widget_type=\"image.default\">\n\t\t\t\t<div class=\"elementor-widget-container\">\n\t\t\t\t\t\t\t\t\t\t\t\t\t<img decoding=\"async\" width=\"490\" height=\"414\" src=\"https:\/\/swisspcc-ks.com\/wp-content\/uploads\/2023\/08\/Sherbimet_2-e1691001957850.png\" class=\"attachment-full size-full wp-image-93\" alt=\"\" srcset=\"https:\/\/swisspcc-ks.com\/wp-content\/uploads\/2023\/08\/Sherbimet_2-e1691001957850.png 490w, https:\/\/swisspcc-ks.com\/wp-content\/uploads\/2023\/08\/Sherbimet_2-e1691001957850-300x253.png 300w\" sizes=\"(max-width: 490px) 100vw, 490px\" \/>\t\t\t\t\t\t\t\t\t\t\t\t\t<\/div>\n\t\t\t\t<\/div>\n\t\t\t\t<\/div>\n\t\t\t\t\t<\/div>\n\t\t\t\t<\/div>\n\t\t\t\t\t<\/div>\n\t\t\t\t<\/div>\n\t\t<div class=\"elementor-element elementor-element-3d82b30 e-flex e-con-boxed e-con e-child\" data-id=\"3d82b30\" data-element_type=\"container\" data-settings=\"{&quot;background_background&quot;:&quot;classic&quot;}\">\n\t\t\t\t\t<div class=\"e-con-inner\">\n\t\t<div class=\"elementor-element elementor-element-a9f0054 e-flex e-con-boxed e-con e-child\" data-id=\"a9f0054\" data-element_type=\"container\">\n\t\t\t\t\t<div class=\"e-con-inner\">\n\t\t\t\t<div class=\"elementor-element elementor-element-bee3160 elementor-widget__width-initial elementor-widget-mobile__width-initial elementor-widget elementor-widget-heading\" data-id=\"bee3160\" data-element_type=\"widget\" data-widget_type=\"heading.default\">\n\t\t\t\t<div class=\"elementor-widget-container\">\n\t\t\t<h2 class=\"elementor-heading-title elementor-size-default\">Online-Dienste<\/h2>\t\t<\/div>\n\t\t\t\t<\/div>\n\t\t\t\t\t<\/div>\n\t\t\t\t<\/div>\n\t\t<div class=\"elementor-element elementor-element-eedd539 e-flex e-con-boxed e-con e-child\" data-id=\"eedd539\" data-element_type=\"container\">\n\t\t\t\t\t<div class=\"e-con-inner\">\n\t\t<div class=\"elementor-element elementor-element-086f2ad e-con-full e-flex e-con e-child\" data-id=\"086f2ad\" data-element_type=\"container\">\n\t\t\t\t<div class=\"elementor-element elementor-element-4a97a55 elementor-widget elementor-widget-heading\" data-id=\"4a97a55\" data-element_type=\"widget\" data-widget_type=\"heading.default\">\n\t\t\t\t<div class=\"elementor-widget-container\">\n\t\t\t<h2 class=\"elementor-heading-title elementor-size-default\">Bleiben Sie auf den digitalen Kan\u00e4len in Verbindung.<\/h2>\t\t<\/div>\n\t\t\t\t<\/div>\n\t\t\t\t<div class=\"elementor-element elementor-element-ae63bdd elementor-widget elementor-widget-text-editor\" data-id=\"ae63bdd\" data-element_type=\"widget\" data-widget_type=\"text-editor.default\">\n\t\t\t\t<div class=\"elementor-widget-container\">\n\t\t\t\t\t\t\t<p><strong>Online-Dienste<\/strong><\/p><p>M\u00f6chten Sie Ihren Kunden mehr M\u00f6glichkeiten bieten, mit Ihnen in Kontakt zu treten? Sei es \u00fcber Facebook, via Chat auf Ihrer Website oder einem anderen Online-Kanal. Certus kann Ihnen hier eine L\u00f6sung bieten, selbst wenn Sie einen 24\/7-Service an 365 Tagen im Jahr ben\u00f6tigen.<\/p><p><strong style=\"color: var( --e-global-color-text ); letter-spacing: 0px; text-align: var(--text-align);\">Sekretariat<\/strong><\/p><p>Wir verwalten Ihre Telefonzentrale und beantworten alle Anrufe in Ihrem Namen. Serienbriefe, Versand von Mailings per Post, Gestaltung und Entwicklung Ihrer Brosch\u00fcre oder Ihres entsprechenden Produktflyers. All das k\u00f6nnen wir f\u00fcr Sie erledigen! Wir haben die Fachleute daf\u00fcr, und Sie k\u00f6nnen au\u00dferdem Zeit und Geld sparen.<\/p>\t\t\t\t\t\t<\/div>\n\t\t\t\t<\/div>\n\t\t\t\t<div class=\"elementor-element elementor-element-cb8f138 elementor-widget elementor-widget-spacer\" data-id=\"cb8f138\" data-element_type=\"widget\" data-widget_type=\"spacer.default\">\n\t\t\t\t<div class=\"elementor-widget-container\">\n\t\t\t\t\t<div class=\"elementor-spacer\">\n\t\t\t<div class=\"elementor-spacer-inner\"><\/div>\n\t\t<\/div>\n\t\t\t\t<\/div>\n\t\t\t\t<\/div>\n\t\t\t\t<\/div>\n\t\t<div class=\"elementor-element elementor-element-70a7d52 e-con-full e-flex e-con e-child\" data-id=\"70a7d52\" data-element_type=\"container\">\n\t\t\t\t<div class=\"elementor-element elementor-element-db47f20 elementor-widget elementor-widget-image\" data-id=\"db47f20\" data-element_type=\"widget\" data-widget_type=\"image.default\">\n\t\t\t\t<div class=\"elementor-widget-container\">\n\t\t\t\t\t\t\t\t\t\t\t\t\t<img decoding=\"async\" width=\"483\" height=\"393\" src=\"https:\/\/swisspcc-ks.com\/wp-content\/uploads\/2023\/08\/Sherbimet_3-e1691001971970.png\" class=\"attachment-full size-full wp-image-94\" alt=\"\" srcset=\"https:\/\/swisspcc-ks.com\/wp-content\/uploads\/2023\/08\/Sherbimet_3-e1691001971970.png 483w, https:\/\/swisspcc-ks.com\/wp-content\/uploads\/2023\/08\/Sherbimet_3-e1691001971970-300x244.png 300w\" sizes=\"(max-width: 483px) 100vw, 483px\" \/>\t\t\t\t\t\t\t\t\t\t\t\t\t<\/div>\n\t\t\t\t<\/div>\n\t\t\t\t<\/div>\n\t\t\t\t\t<\/div>\n\t\t\t\t<\/div>\n\t\t\t\t\t<\/div>\n\t\t\t\t<\/div>\n\t\t<div class=\"elementor-element elementor-element-6e92ff8 e-flex e-con-boxed e-con e-child\" data-id=\"6e92ff8\" data-element_type=\"container\" data-settings=\"{&quot;background_background&quot;:&quot;classic&quot;}\">\n\t\t\t\t\t<div class=\"e-con-inner\">\n\t\t<div class=\"elementor-element elementor-element-9d3bec5 e-flex e-con-boxed e-con e-child\" data-id=\"9d3bec5\" data-element_type=\"container\">\n\t\t\t\t\t<div class=\"e-con-inner\">\n\t\t\t\t<div class=\"elementor-element elementor-element-a3d117b elementor-widget__width-initial elementor-widget-mobile__width-initial elementor-widget elementor-widget-heading\" data-id=\"a3d117b\" data-element_type=\"widget\" data-widget_type=\"heading.default\">\n\t\t\t\t<div class=\"elementor-widget-container\">\n\t\t\t<h2 class=\"elementor-heading-title elementor-size-default\">Service\/Hotline<\/h2>\t\t<\/div>\n\t\t\t\t<\/div>\n\t\t\t\t\t<\/div>\n\t\t\t\t<\/div>\n\t\t<div class=\"elementor-element elementor-element-e68c78c e-flex e-con-boxed e-con e-child\" data-id=\"e68c78c\" data-element_type=\"container\">\n\t\t\t\t\t<div class=\"e-con-inner\">\n\t\t<div class=\"elementor-element elementor-element-1ac2f9c e-con-full e-flex e-con e-child\" data-id=\"1ac2f9c\" data-element_type=\"container\">\n\t\t\t\t<div class=\"elementor-element elementor-element-f84efcc elementor-widget elementor-widget-heading\" data-id=\"f84efcc\" data-element_type=\"widget\" data-widget_type=\"heading.default\">\n\t\t\t\t<div class=\"elementor-widget-container\">\n\t\t\t<h2 class=\"elementor-heading-title elementor-size-default\">You can sleep easier with us. Let us take over the night shift<\/h2>\t\t<\/div>\n\t\t\t\t<\/div>\n\t\t\t\t<div class=\"elementor-element elementor-element-fb22ca9 elementor-widget elementor-widget-text-editor\" data-id=\"fb22ca9\" data-element_type=\"widget\" data-widget_type=\"text-editor.default\">\n\t\t\t\t<div class=\"elementor-widget-container\">\n\t\t\t\t\t\t\t<p>Mit uns k\u00f6nnen Sie beruhigt schlafen. \u00dcberlassen Sie uns die Nachtschicht. Haben Sie eine Serviceorganisation? Wir koordinieren die geeigneten Ma\u00dfnahmen au\u00dferhalb der regul\u00e4ren B\u00fcrozeiten. Unser Bereitschafts- und Einsatzleitcenter garantiert Ihren Kunden einen 24-Stunden-Service an 365 Tagen im Jahr. Auch die Erreichbarkeit bei Fehlermeldungen ist gew\u00e4hrleistet. Unsere qualifizierten Telefondisponenten geben Anrufern stets pr\u00e4zise Informationen. Wir erstellen die Einsatzdisposition mit Ihrer Hilfe. Wir koordinieren den Bereitschaftseinsatz, \u00fcberwachen die R\u00fcckmeldungen der Servicetechniker und \u00fcbernehmen die notwendige Mehrfachalarmierung im Notfall.<\/p>\t\t\t\t\t\t<\/div>\n\t\t\t\t<\/div>\n\t\t\t\t<\/div>\n\t\t<div class=\"elementor-element elementor-element-b48ad56 e-con-full e-flex e-con e-child\" data-id=\"b48ad56\" data-element_type=\"container\">\n\t\t\t\t<div class=\"elementor-element elementor-element-f0e9e17 elementor-widget elementor-widget-image\" data-id=\"f0e9e17\" data-element_type=\"widget\" data-widget_type=\"image.default\">\n\t\t\t\t<div class=\"elementor-widget-container\">\n\t\t\t\t\t\t\t\t\t\t\t\t\t<img loading=\"lazy\" decoding=\"async\" width=\"381\" height=\"309\" src=\"https:\/\/swisspcc-ks.com\/wp-content\/uploads\/2023\/08\/Sherbimet_4-e1691001985249.png\" class=\"attachment-full size-full wp-image-95\" alt=\"\" srcset=\"https:\/\/swisspcc-ks.com\/wp-content\/uploads\/2023\/08\/Sherbimet_4-e1691001985249.png 381w, https:\/\/swisspcc-ks.com\/wp-content\/uploads\/2023\/08\/Sherbimet_4-e1691001985249-300x243.png 300w\" sizes=\"(max-width: 381px) 100vw, 381px\" \/>\t\t\t\t\t\t\t\t\t\t\t\t\t<\/div>\n\t\t\t\t<\/div>\n\t\t\t\t<\/div>\n\t\t\t\t\t<\/div>\n\t\t\t\t<\/div>\n\t\t\t\t\t<\/div>\n\t\t\t\t<\/div>\n\t\t\t\t\t<\/div>\n\t\t\t\t<\/div>\n\t\t\t\t<\/div>","protected":false},"excerpt":{"rendered":"<p>Inbound You can always be reached with us Business to Business (B2B) and Business to Private (B2C) Whether hotline, first-level support or your external secretariat. All calls are answered with your company name. Secretariat \/ external telephone switchboard We answer the calls based on your requirements and immediately send incoming messages, orders, appointment requests to [&hellip;]<\/p>","protected":false},"author":1,"featured_media":0,"parent":0,"menu_order":0,"comment_status":"closed","ping_status":"closed","template":"","meta":{"footnotes":""},"class_list":["post-75","page","type-page","status-publish","hentry"],"_links":{"self":[{"href":"https:\/\/swisspcc-ks.com\/de\/wp-json\/wp\/v2\/pages\/75","targetHints":{"allow":["GET"]}}],"collection":[{"href":"https:\/\/swisspcc-ks.com\/de\/wp-json\/wp\/v2\/pages"}],"about":[{"href":"https:\/\/swisspcc-ks.com\/de\/wp-json\/wp\/v2\/types\/page"}],"author":[{"embeddable":true,"href":"https:\/\/swisspcc-ks.com\/de\/wp-json\/wp\/v2\/users\/1"}],"replies":[{"embeddable":true,"href":"https:\/\/swisspcc-ks.com\/de\/wp-json\/wp\/v2\/comments?post=75"}],"version-history":[{"count":5,"href":"https:\/\/swisspcc-ks.com\/de\/wp-json\/wp\/v2\/pages\/75\/revisions"}],"predecessor-version":[{"id":839,"href":"https:\/\/swisspcc-ks.com\/de\/wp-json\/wp\/v2\/pages\/75\/revisions\/839"}],"wp:attachment":[{"href":"https:\/\/swisspcc-ks.com\/de\/wp-json\/wp\/v2\/media?parent=75"}],"curies":[{"name":"wp","href":"https:\/\/api.w.org\/{rel}","templated":true}]}}